{"id":80,"date":"2024-02-18T21:55:55","date_gmt":"2024-02-18T21:55:55","guid":{"rendered":"https:\/\/blog.stl.at\/?page_id=80"},"modified":"2024-02-18T21:55:55","modified_gmt":"2024-02-18T21:55:55","slug":"orbital-cutting-welding","status":"publish","type":"page","link":"https:\/\/blog.stl.at\/?page_id=80","title":{"rendered":"orbital | cutting + welding"},"content":{"rendered":"\n<hr class=\"wp-block-separator has-alpha-channel-opacity\"\/>\n\n\n\n<h2 class=\"wp-block-heading has-text-align-center\">Orbitalum Tools Service &amp; Vertrieb Center Austria<\/h2>\n\n\n\n<figure class=\"wp-block-image size-large\"><img loading=\"lazy\" decoding=\"async\" width=\"1024\" height=\"256\" src=\"https:\/\/blog.stl.at\/wp-content\/uploads\/2024\/02\/Orbitalum-1024x256.jpg\" alt=\"\" class=\"wp-image-81\" srcset=\"https:\/\/blog.stl.at\/wp-content\/uploads\/2024\/02\/Orbitalum-1024x256.jpg 1024w, https:\/\/blog.stl.at\/wp-content\/uploads\/2024\/02\/Orbitalum-300x75.jpg 300w, https:\/\/blog.stl.at\/wp-content\/uploads\/2024\/02\/Orbitalum-768x192.jpg 768w, https:\/\/blog.stl.at\/wp-content\/uploads\/2024\/02\/Orbitalum.jpg 1200w\" sizes=\"auto, (max-width: 1024px) 100vw, 1024px\" \/><\/figure>\n\n\n\n<p>Orbitalum Tools Produkte sind \u00e4u\u00dferst robust und zuverl\u00e4ssig.<br>Um die Leistungsf\u00e4higkeit langfristig zu erhalten, sollten Sie die empfohlenen Service- und Wartungsintervalle regelm\u00e4\u00dfig durchf\u00fchren lassen.<\/p>\n\n\n\n<p>Alle Service- und Wartungsarbeiten werden durch qualifizierte und motivierte Mitarbeiter mit gro\u00dfer Sorgfalt durchgef\u00fchrt. Sie analysieren die Situation, um die beste L\u00f6sung auf lange Sicht zu finden.<\/p>\n\n\n\n<p>Kompetenten Service in \u00d6sterreich bieten wir an mehreren Standorten\u00a0an. Unsere Mitarbeiter\u00a0sind sorgf\u00e4ltig ausgew\u00e4hlt und werden durch\u00a0Experten von Orbitalum Tools regelm\u00e4\u00dfig geschult, um immer auf dem neuesten Stand hinsichtlich Produkten und Technologien zu bleiben.<\/p>\n\n\n\n<hr class=\"wp-block-separator has-alpha-channel-opacity\"\/>\n","protected":false},"excerpt":{"rendered":"<p>Orbitalum Tools Service &amp; Vertrieb Center Austria Orbitalum Tools Produkte sind \u00e4u\u00dferst robust und zuverl\u00e4ssig.Um die Leistungsf\u00e4higkeit langfristig zu erhalten, sollten Sie die empfohlenen Service- und Wartungsintervalle regelm\u00e4\u00dfig durchf\u00fchren lassen. Alle Service- und Wartungsarbeiten werden durch qualifizierte und motivierte Mitarbeiter mit gro\u00dfer Sorgfalt durchgef\u00fchrt. Sie analysieren die Situation, um die [&hellip;]<\/p>\n","protected":false},"author":1,"featured_media":82,"parent":0,"menu_order":0,"comment_status":"open","ping_status":"closed","template":"","meta":{"footnotes":""},"class_list":["post-80","page","type-page","status-publish","has-post-thumbnail","hentry"],"_links":{"self":[{"href":"https:\/\/blog.stl.at\/index.php?rest_route=\/wp\/v2\/pages\/80","targetHints":{"allow":["GET"]}}],"collection":[{"href":"https:\/\/blog.stl.at\/index.php?rest_route=\/wp\/v2\/pages"}],"about":[{"href":"https:\/\/blog.stl.at\/index.php?rest_route=\/wp\/v2\/types\/page"}],"author":[{"embeddable":true,"href":"https:\/\/blog.stl.at\/index.php?rest_route=\/wp\/v2\/users\/1"}],"replies":[{"embeddable":true,"href":"https:\/\/blog.stl.at\/index.php?rest_route=%2Fwp%2Fv2%2Fcomments&post=80"}],"version-history":[{"count":1,"href":"https:\/\/blog.stl.at\/index.php?rest_route=\/wp\/v2\/pages\/80\/revisions"}],"predecessor-version":[{"id":87,"href":"https:\/\/blog.stl.at\/index.php?rest_route=\/wp\/v2\/pages\/80\/revisions\/87"}],"wp:featuredmedia":[{"embeddable":true,"href":"https:\/\/blog.stl.at\/index.php?rest_route=\/wp\/v2\/media\/82"}],"wp:attachment":[{"href":"https:\/\/blog.stl.at\/index.php?rest_route=%2Fwp%2Fv2%2Fmedia&parent=80"}],"curies":[{"name":"wp","href":"https:\/\/api.w.org\/{rel}","templated":true}]}}