{"id":63,"date":"2024-02-17T23:19:40","date_gmt":"2024-02-17T23:19:40","guid":{"rendered":"https:\/\/blog.stl.at\/?page_id=63"},"modified":"2024-02-18T17:45:25","modified_gmt":"2024-02-18T17:45:25","slug":"kontakt","status":"publish","type":"page","link":"https:\/\/blog.stl.at\/?page_id=63","title":{"rendered":"Standorte"},"content":{"rendered":"\n<div class=\"wp-block-media-text is-stacked-on-mobile\"><figure class=\"wp-block-media-text__media\"><img loading=\"lazy\" decoding=\"async\" width=\"1024\" height=\"438\" src=\"https:\/\/blog.stl.at\/wp-content\/uploads\/2024\/02\/Grp.Stl_.T-4-1024x438.jpg\" alt=\"\" class=\"wp-image-64 size-full\" srcset=\"https:\/\/blog.stl.at\/wp-content\/uploads\/2024\/02\/Grp.Stl_.T-4-1024x438.jpg 1024w, https:\/\/blog.stl.at\/wp-content\/uploads\/2024\/02\/Grp.Stl_.T-4-300x128.jpg 300w, https:\/\/blog.stl.at\/wp-content\/uploads\/2024\/02\/Grp.Stl_.T-4-768x329.jpg 768w, https:\/\/blog.stl.at\/wp-content\/uploads\/2024\/02\/Grp.Stl_.T-4-1536x658.jpg 1536w, https:\/\/blog.stl.at\/wp-content\/uploads\/2024\/02\/Grp.Stl_.T-4.jpg 1824w\" sizes=\"auto, (max-width: 1024px) 100vw, 1024px\" \/><\/figure><div class=\"wp-block-media-text__content\">\n<h2 class=\"wp-block-heading\">STL Lindner Schwei\u00dftechnik Lambach GmbH<\/h2>\n\n\n\n<p>Liebenauer Hauptstra\u00dfe 214, 8041 GRAZ<\/p>\n\n\n\n<p>Telefon:&nbsp;Tel.-Nr.:&nbsp;<a href=\"tel:+433168240720\">+43 316 8240720<\/a><\/p>\n\n\n\n<p>E-Mail: graz(at)stl.at<\/p>\n<\/div><\/div>\n\n\n\n<hr class=\"wp-block-separator has-alpha-channel-opacity\"\/>\n\n\n\n<div class=\"wp-block-media-text has-media-on-the-right is-stacked-on-mobile\"><div class=\"wp-block-media-text__content\">\n<h2 class=\"wp-block-heading\">Schwei\u00dftechnik Lambach GesmbH<\/h2>\n\n\n\n<p>Zoblstr 11,&nbsp;4650&nbsp;Edt bei Lambach<\/p>\n\n\n\n<p>Telefon:&nbsp;<a href=\"tel:+437245283100\">+43 7245 283100<\/a><\/p>\n\n\n\n<p>E-Mail: lambach(at)stl.at<\/p>\n<\/div><figure class=\"wp-block-media-text__media\"><img loading=\"lazy\" decoding=\"async\" width=\"1024\" height=\"438\" src=\"https:\/\/blog.stl.at\/wp-content\/uploads\/2024\/02\/Grp.Stl_.T-4-1024x438.jpg\" alt=\"\" class=\"wp-image-64 size-full\" srcset=\"https:\/\/blog.stl.at\/wp-content\/uploads\/2024\/02\/Grp.Stl_.T-4-1024x438.jpg 1024w, https:\/\/blog.stl.at\/wp-content\/uploads\/2024\/02\/Grp.Stl_.T-4-300x128.jpg 300w, https:\/\/blog.stl.at\/wp-content\/uploads\/2024\/02\/Grp.Stl_.T-4-768x329.jpg 768w, https:\/\/blog.stl.at\/wp-content\/uploads\/2024\/02\/Grp.Stl_.T-4-1536x658.jpg 1536w, https:\/\/blog.stl.at\/wp-content\/uploads\/2024\/02\/Grp.Stl_.T-4.jpg 1824w\" sizes=\"auto, (max-width: 1024px) 100vw, 1024px\" \/><\/figure><\/div>\n\n\n\n<hr class=\"wp-block-separator has-alpha-channel-opacity\"\/>\n\n\n\n<div class=\"wp-block-media-text is-stacked-on-mobile\"><figure class=\"wp-block-media-text__media\"><img loading=\"lazy\" decoding=\"async\" width=\"1024\" height=\"438\" src=\"https:\/\/blog.stl.at\/wp-content\/uploads\/2024\/02\/Grp.Stl_.T-4-1024x438.jpg\" alt=\"\" class=\"wp-image-64 size-full\" srcset=\"https:\/\/blog.stl.at\/wp-content\/uploads\/2024\/02\/Grp.Stl_.T-4-1024x438.jpg 1024w, https:\/\/blog.stl.at\/wp-content\/uploads\/2024\/02\/Grp.Stl_.T-4-300x128.jpg 300w, https:\/\/blog.stl.at\/wp-content\/uploads\/2024\/02\/Grp.Stl_.T-4-768x329.jpg 768w, https:\/\/blog.stl.at\/wp-content\/uploads\/2024\/02\/Grp.Stl_.T-4-1536x658.jpg 1536w, https:\/\/blog.stl.at\/wp-content\/uploads\/2024\/02\/Grp.Stl_.T-4.jpg 1824w\" sizes=\"auto, (max-width: 1024px) 100vw, 1024px\" \/><\/figure><div class=\"wp-block-media-text__content\">\n<h2 class=\"wp-block-heading\">Schwei\u00dftechnik Lambach GesmbH<\/h2>\n\n\n\n<p>Lanzendorfer Str. 7, 2481 Achau<\/p>\n\n\n\n<p>Telefon:&nbsp;<a href=\"tel:+432236710118\">+43 2236 710118<\/a><\/p>\n\n\n\n<p>E-Mail: achau(at)stl.at<\/p>\n<\/div><\/div>\n","protected":false},"excerpt":{"rendered":"<p>STL Lindner Schwei\u00dftechnik Lambach GmbH Liebenauer Hauptstra\u00dfe 214, 8041 GRAZ Telefon:&nbsp;Tel.-Nr.:&nbsp;+43 316 8240720 E-Mail: graz(at)stl.at Schwei\u00dftechnik Lambach GesmbH Zoblstr 11,&nbsp;4650&nbsp;Edt bei Lambach Telefon:&nbsp;+43 7245 283100 E-Mail: lambach(at)stl.at Schwei\u00dftechnik Lambach GesmbH Lanzendorfer Str. 7, 2481 Achau Telefon:&nbsp;+43 2236 710118 E-Mail: achau(at)stl.at<\/p>\n","protected":false},"author":1,"featured_media":0,"parent":0,"menu_order":0,"comment_status":"closed","ping_status":"closed","template":"","meta":{"footnotes":""},"class_list":["post-63","page","type-page","status-publish","hentry"],"_links":{"self":[{"href":"https:\/\/blog.stl.at\/index.php?rest_route=\/wp\/v2\/pages\/63","targetHints":{"allow":["GET"]}}],"collection":[{"href":"https:\/\/blog.stl.at\/index.php?rest_route=\/wp\/v2\/pages"}],"about":[{"href":"https:\/\/blog.stl.at\/index.php?rest_route=\/wp\/v2\/types\/page"}],"author":[{"embeddable":true,"href":"https:\/\/blog.stl.at\/index.php?rest_route=\/wp\/v2\/users\/1"}],"replies":[{"embeddable":true,"href":"https:\/\/blog.stl.at\/index.php?rest_route=%2Fwp%2Fv2%2Fcomments&post=63"}],"version-history":[{"count":3,"href":"https:\/\/blog.stl.at\/index.php?rest_route=\/wp\/v2\/pages\/63\/revisions"}],"predecessor-version":[{"id":72,"href":"https:\/\/blog.stl.at\/index.php?rest_route=\/wp\/v2\/pages\/63\/revisions\/72"}],"wp:attachment":[{"href":"https:\/\/blog.stl.at\/index.php?rest_route=%2Fwp%2Fv2%2Fmedia&parent=63"}],"curies":[{"name":"wp","href":"https:\/\/api.w.org\/{rel}","templated":true}]}}